{"id":2,"date":"2025-06-02T14:52:57","date_gmt":"2025-06-02T14:52:57","guid":{"rendered":"http:\/\/malywielkiszachista.pl\/?page_id=2"},"modified":"2025-08-18T10:15:14","modified_gmt":"2025-08-18T10:15:14","slug":"sample-page","status":"publish","type":"page","link":"https:\/\/malywielkiszachista.pl\/","title":{"rendered":"Main Page"},"content":{"rendered":"\t\t<div data-elementor-type=\"wp-page\" data-elementor-id=\"2\" class=\"elementor elementor-2\" data-elementor-post-type=\"page\">\n\t\t\t\t<div class=\"elementor-element elementor-element-64ba5d1 e-flex e-con-boxed e-con e-parent\" data-id=\"64ba5d1\" data-element_type=\"container\" data-e-type=\"container\">\n\t\t\t\t\t<div class=\"e-con-inner\">\n\t\t\t\t<div class=\"elementor-element elementor-element-25f2907 elementor-widget elementor-widget-spacer\" data-id=\"25f2907\" data-element_type=\"widget\" data-e-type=\"widget\" data-widget_type=\"spacer.default\">\n\t\t\t\t<div class=\"elementor-widget-container\">\n\t\t\t\t\t\t\t<div class=\"elementor-spacer\">\n\t\t\t<div class=\"elementor-spacer-inner\"><\/div>\n\t\t<\/div>\n\t\t\t\t\t\t<\/div>\n\t\t\t\t<\/div>\n\t\t\t\t<div class=\"elementor-element elementor-element-2d3097c elementor-widget elementor-widget-heading\" data-id=\"2d3097c\" data-element_type=\"widget\" data-e-type=\"widget\" data-widget_type=\"heading.default\">\n\t\t\t\t<div class=\"elementor-widget-container\">\n\t\t\t\t\t<h2 class=\"elementor-heading-title elementor-size-default\">Ma\u0142y Wielki Szachista<\/h2>\t\t\t\t<\/div>\n\t\t\t\t<\/div>\n\t\t\t\t<div class=\"elementor-element elementor-element-ebd3cdb elementor-widget elementor-widget-heading\" data-id=\"ebd3cdb\" data-element_type=\"widget\" data-e-type=\"widget\" data-widget_type=\"heading.default\">\n\t\t\t\t<div class=\"elementor-widget-container\">\n\t\t\t\t\t<h2 class=\"elementor-heading-title elementor-size-default\">Akademia Strategicznego my\u015blenia<\/h2>\t\t\t\t<\/div>\n\t\t\t\t<\/div>\n\t\t\t\t<div class=\"elementor-element elementor-element-190c5a7 elementor-widget elementor-widget-spacer\" data-id=\"190c5a7\" data-element_type=\"widget\" data-e-type=\"widget\" data-widget_type=\"spacer.default\">\n\t\t\t\t<div class=\"elementor-widget-container\">\n\t\t\t\t\t\t\t<div class=\"elementor-spacer\">\n\t\t\t<div class=\"elementor-spacer-inner\"><\/div>\n\t\t<\/div>\n\t\t\t\t\t\t<\/div>\n\t\t\t\t<\/div>\n\t\t\t\t\t<\/div>\n\t\t\t\t<\/div>\n\t\t<div class=\"elementor-element elementor-element-8de15fe e-flex e-con-boxed e-con e-parent\" data-id=\"8de15fe\" data-element_type=\"container\" data-e-type=\"container\">\n\t\t\t\t\t<div class=\"e-con-inner\">\n\t\t<div class=\"elementor-element elementor-element-c5f3488 e-con-full e-flex e-con e-child\" data-id=\"c5f3488\" data-element_type=\"container\" data-e-type=\"container\">\n\t\t<div class=\"elementor-element elementor-element-5bfa92f e-con-full e-flex e-con e-child\" data-id=\"5bfa92f\" data-element_type=\"container\" data-e-type=\"container\">\n\t\t\t\t<div class=\"elementor-element elementor-element-f4aa6a1 elementor-widget__width-initial elementor-drop-cap-yes elementor-drop-cap-view-default elementor-widget elementor-widget-text-editor\" data-id=\"f4aa6a1\" data-element_type=\"widget\" data-e-type=\"widget\" data-settings=\"{&quot;drop_cap&quot;:&quot;yes&quot;}\" data-widget_type=\"text-editor.default\">\n\t\t\t\t<div class=\"elementor-widget-container\">\n\t\t\t\t\t\t\t\t\t<h1 style=\"text-align: left;\">Cze\u015b\u0107, jestem Piotr<\/h1><p style=\"text-align: left;\"><span style=\"font-weight: 400;\">Moim celem jest wspieranie m\u0142odych szachist\u00f3w w pokonywaniu jednego z najtrudniejszych etap\u00f3w w ich rozwoju. Przej\u015bcia z poziomu II kategorii na wy\u017cszy szczebel, a w przypadku zawodnik\u00f3w z rankingiem FIDE 1700\u20131900 osi\u0105gni\u0119cia \u201emagicznej granicy\u201d 2000 punkt\u00f3w.<br \/><\/span><span style=\"font-weight: 400;\">To moment, w kt\u00f3rym cz\u0119sto pojawiaj\u0105 si\u0119 trudne do pokonania bariery. <br \/>Na tym poziomie zawodnicy zazwyczaj dobrze rozumiej\u0105 taktyk\u0119 i podstawowe zasady gry, Brakuje im jeszcze g\u0142\u0119bszego rozeznania w grze pozycyjnej a to w\u0142a\u015bnie ona otwiera drzwi do \u201ewielkich szach\u00f3w\u201d.<\/span><\/p>\t\t\t\t\t\t\t\t<\/div>\n\t\t\t\t<\/div>\n\t\t\t\t<div class=\"elementor-element elementor-element-5dc1d9a elementor-align-left elementor-mobile-align-center elementor-widget elementor-widget-button\" data-id=\"5dc1d9a\" data-element_type=\"widget\" data-e-type=\"widget\" data-widget_type=\"button.default\">\n\t\t\t\t<div class=\"elementor-widget-container\">\n\t\t\t\t\t\t\t\t\t<div class=\"elementor-button-wrapper\">\n\t\t\t\t\t<a class=\"elementor-button elementor-button-link elementor-size-sm\" href=\"https:\/\/malywielkiszachista.pl\/index.php\/o-mnie-2\/\">\n\t\t\t\t\t\t<span class=\"elementor-button-content-wrapper\">\n\t\t\t\t\t\t\t\t\t<span class=\"elementor-button-text\">Wi\u0119cej<\/span>\n\t\t\t\t\t<\/span>\n\t\t\t\t\t<\/a>\n\t\t\t\t<\/div>\n\t\t\t\t\t\t\t\t<\/div>\n\t\t\t\t<\/div>\n\t\t\t\t<\/div>\n\t\t\t\t<div class=\"elementor-element elementor-element-f6aef4c elementor-widget__width-initial elementor-widget elementor-widget-image\" data-id=\"f6aef4c\" data-element_type=\"widget\" data-e-type=\"widget\" data-widget_type=\"image.default\">\n\t\t\t\t<div class=\"elementor-widget-container\">\n\t\t\t\t\t\t\t\t\t\t\t\t\t\t\t<img fetchpriority=\"high\" decoding=\"async\" width=\"683\" height=\"1024\" src=\"https:\/\/malywielkiszachista.pl\/wp-content\/uploads\/2025\/06\/460A7440-Enhanced-NR-683x1024.jpg\" class=\"attachment-large size-large wp-image-375\" alt=\"\" srcset=\"https:\/\/malywielkiszachista.pl\/wp-content\/uploads\/2025\/06\/460A7440-Enhanced-NR-683x1024.jpg 683w, https:\/\/malywielkiszachista.pl\/wp-content\/uploads\/2025\/06\/460A7440-Enhanced-NR-200x300.jpg 200w, https:\/\/malywielkiszachista.pl\/wp-content\/uploads\/2025\/06\/460A7440-Enhanced-NR-768x1152.jpg 768w, https:\/\/malywielkiszachista.pl\/wp-content\/uploads\/2025\/06\/460A7440-Enhanced-NR-1024x1536.jpg 1024w, https:\/\/malywielkiszachista.pl\/wp-content\/uploads\/2025\/06\/460A7440-Enhanced-NR-1365x2048.jpg 1365w, https:\/\/malywielkiszachista.pl\/wp-content\/uploads\/2025\/06\/460A7440-Enhanced-NR-600x900.jpg 600w, https:\/\/malywielkiszachista.pl\/wp-content\/uploads\/2025\/06\/460A7440-Enhanced-NR-scaled.jpg 1707w\" sizes=\"(max-width: 683px) 100vw, 683px\" \/>\t\t\t\t\t\t\t\t\t\t\t\t\t\t\t<\/div>\n\t\t\t\t<\/div>\n\t\t\t\t<\/div>\n\t\t\t\t\t<\/div>\n\t\t\t\t<\/div>\n\t\t<div class=\"elementor-element elementor-element-9b3bf29 e-flex e-con-boxed e-con e-parent\" data-id=\"9b3bf29\" data-element_type=\"container\" data-e-type=\"container\" data-settings=\"{&quot;background_background&quot;:&quot;classic&quot;,&quot;background_motion_fx_motion_fx_scrolling&quot;:&quot;yes&quot;,&quot;background_motion_fx_devices&quot;:[&quot;desktop&quot;,&quot;tablet&quot;,&quot;mobile&quot;]}\">\n\t\t\t\t\t<div class=\"e-con-inner\">\n\t\t\t\t<div class=\"elementor-element elementor-element-59fd581 elementor-widget elementor-widget-heading\" data-id=\"59fd581\" data-element_type=\"widget\" data-e-type=\"widget\" data-widget_type=\"heading.default\">\n\t\t\t\t<div class=\"elementor-widget-container\">\n\t\t\t\t\t<h2 class=\"elementor-heading-title elementor-size-default\">Moja Oferta<\/h2>\t\t\t\t<\/div>\n\t\t\t\t<\/div>\n\t\t\t\t<div class=\"elementor-element elementor-element-a741255 elementor-grid-2 elementor-posts--align-center elementor-widget__width-inherit elementor-grid-tablet-2 elementor-grid-mobile-1 elementor-posts--thumbnail-top elementor-posts--show-avatar elementor-card-shadow-yes elementor-posts__hover-gradient elementor-widget elementor-widget-posts\" data-id=\"a741255\" data-element_type=\"widget\" data-e-type=\"widget\" data-settings=\"{&quot;cards_columns&quot;:&quot;2&quot;,&quot;pagination_type&quot;:&quot;load_more_infinite_scroll&quot;,&quot;cards_columns_tablet&quot;:&quot;2&quot;,&quot;cards_columns_mobile&quot;:&quot;1&quot;,&quot;cards_row_gap&quot;:{&quot;unit&quot;:&quot;px&quot;,&quot;size&quot;:35,&quot;sizes&quot;:[]},&quot;cards_row_gap_tablet&quot;:{&quot;unit&quot;:&quot;px&quot;,&quot;size&quot;:&quot;&quot;,&quot;sizes&quot;:[]},&quot;cards_row_gap_mobile&quot;:{&quot;unit&quot;:&quot;px&quot;,&quot;size&quot;:&quot;&quot;,&quot;sizes&quot;:[]},&quot;load_more_spinner&quot;:{&quot;value&quot;:&quot;fas fa-spinner&quot;,&quot;library&quot;:&quot;fa-solid&quot;}}\" data-widget_type=\"posts.cards\">\n\t\t\t\t<div class=\"elementor-widget-container\">\n\t\t\t\t\t\t\t<div class=\"elementor-posts-container elementor-posts elementor-posts--skin-cards elementor-grid\" role=\"list\">\n\t\t\t\t<article class=\"elementor-post elementor-grid-item post-1 post type-post status-publish format-standard hentry category-oferta\" role=\"listitem\">\n\t\t\t<div class=\"elementor-post__card\">\n\t\t\t\t<div class=\"elementor-post__text\">\n\t\t\t\t<h3 class=\"elementor-post__title\">\n\t\t\t<a href=\"https:\/\/malywielkiszachista.pl\/index.php\/2025\/06\/25\/hello-world\/\" >\n\t\t\t\tZaj\u0119cia Indywidualne\t\t\t<\/a>\n\t\t<\/h3>\n\t\t\t\t<div class=\"elementor-post__excerpt\">\n\t\t\t<p>Chcesz nauczy\u0107 si\u0119 szach\u00f3w w swoim tempie? Moje zaj\u0119cia indywidualne to idealne rozwi\u0105zanie dla ka\u017cdego, kto pragnie skupi\u0107 si\u0119 na w\u0142asnym rozwoju, bez presji grupy.<\/p>\n\t\t<\/div>\n\t\t\n\t\t<a class=\"elementor-post__read-more\" href=\"https:\/\/malywielkiszachista.pl\/index.php\/2025\/06\/25\/hello-world\/\" aria-label=\"Read more about Zaj\u0119cia Indywidualne\" tabindex=\"-1\" >\n\t\t\tWi\u0119cej\t\t<\/a>\n\n\t\t\t\t<\/div>\n\t\t\t\t\t<\/div>\n\t\t<\/article>\n\t\t\t\t<article class=\"elementor-post elementor-grid-item post-91 post type-post status-publish format-standard hentry category-oferta\" role=\"listitem\">\n\t\t\t<div class=\"elementor-post__card\">\n\t\t\t\t<div class=\"elementor-post__text\">\n\t\t\t\t<h3 class=\"elementor-post__title\">\n\t\t\t<a href=\"https:\/\/malywielkiszachista.pl\/index.php\/2025\/06\/25\/wyklady\/\" >\n\t\t\t\tWyk\u0142ady\t\t\t<\/a>\n\t\t<\/h3>\n\t\t\t\t<div class=\"elementor-post__excerpt\">\n\t\t\t<p>Zapraszam na wyj\u0105tkowe zaj\u0119cia grupowe po\u015bwi\u0119cone nauce gry w szachy! Niezale\u017cnie od tego, czy dopiero zaczynasz swoj\u0105 przygod\u0119 z szachami, czy chcesz podnie\u015b\u0107 swoje umiej\u0119tno\u015bci.<\/p>\n\t\t<\/div>\n\t\t\n\t\t<a class=\"elementor-post__read-more\" href=\"https:\/\/malywielkiszachista.pl\/index.php\/2025\/06\/25\/wyklady\/\" aria-label=\"Read more about Wyk\u0142ady\" tabindex=\"-1\" >\n\t\t\tWi\u0119cej\t\t<\/a>\n\n\t\t\t\t<\/div>\n\t\t\t\t\t<\/div>\n\t\t<\/article>\n\t\t\t\t<\/div>\n\t\t\t\t\t<span class=\"e-load-more-spinner\">\n\t\t\t\t<svg aria-hidden=\"true\" class=\"e-font-icon-svg e-fas-spinner\" viewBox=\"0 0 512 512\" xmlns=\"http:\/\/www.w3.org\/2000\/svg\"><path d=\"M304 48c0 26.51-21.49 48-48 48s-48-21.49-48-48 21.49-48 48-48 48 21.49 48 48zm-48 368c-26.51 0-48 21.49-48 48s21.49 48 48 48 48-21.49 48-48-21.49-48-48-48zm208-208c-26.51 0-48 21.49-48 48s21.49 48 48 48 48-21.49 48-48-21.49-48-48-48zM96 256c0-26.51-21.49-48-48-48S0 229.49 0 256s21.49 48 48 48 48-21.49 48-48zm12.922 99.078c-26.51 0-48 21.49-48 48s21.49 48 48 48 48-21.49 48-48c0-26.509-21.491-48-48-48zm294.156 0c-26.51 0-48 21.49-48 48s21.49 48 48 48 48-21.49 48-48c0-26.509-21.49-48-48-48zM108.922 60.922c-26.51 0-48 21.49-48 48s21.49 48 48 48 48-21.49 48-48-21.491-48-48-48z\"><\/path><\/svg>\t\t\t<\/span>\n\t\t\n\t\t\t\t\t\t<\/div>\n\t\t\t\t<\/div>\n\t\t\t\t<div class=\"elementor-element elementor-element-c648657 elementor-align-center elementor-widget elementor-widget-button\" data-id=\"c648657\" data-element_type=\"widget\" data-e-type=\"widget\" data-widget_type=\"button.default\">\n\t\t\t\t<div class=\"elementor-widget-container\">\n\t\t\t\t\t\t\t\t\t<div class=\"elementor-button-wrapper\">\n\t\t\t\t\t<a class=\"elementor-button elementor-button-link elementor-size-sm\" href=\"https:\/\/malywielkiszachista.pl\/index.php\/elementor-11\/\">\n\t\t\t\t\t\t<span class=\"elementor-button-content-wrapper\">\n\t\t\t\t\t\t\t\t\t<span class=\"elementor-button-text\">Dowiedz si\u0119 wi\u0119cej<\/span>\n\t\t\t\t\t<\/span>\n\t\t\t\t\t<\/a>\n\t\t\t\t<\/div>\n\t\t\t\t\t\t\t\t<\/div>\n\t\t\t\t<\/div>\n\t\t\t\t\t<\/div>\n\t\t\t\t<\/div>\n\t\t<div class=\"elementor-element elementor-element-d72f589 e-flex e-con-boxed e-con e-parent\" data-id=\"d72f589\" data-element_type=\"container\" data-e-type=\"container\">\n\t\t\t\t\t<div class=\"e-con-inner\">\n\t\t\t\t<div class=\"elementor-element elementor-element-abc5cf7 elementor-widget__width-inherit elementor-widget elementor-widget-heading\" data-id=\"abc5cf7\" data-element_type=\"widget\" data-e-type=\"widget\" data-widget_type=\"heading.default\">\n\t\t\t\t<div class=\"elementor-widget-container\">\n\t\t\t\t\t<h2 class=\"elementor-heading-title elementor-size-default\"><a href=\"https:\/\/malywielkiszachista.pl\/index.php\/opinie\/\">Opinie<\/a><\/h2>\t\t\t\t<\/div>\n\t\t\t\t<\/div>\n\t\t\t\t<div class=\"elementor-element elementor-element-4269057 elementor-testimonial--skin-default elementor-testimonial--layout-image_inline elementor-testimonial--align-center elementor-arrows-yes elementor-pagination-type-bullets elementor-widget elementor-widget-testimonial-carousel\" data-id=\"4269057\" data-element_type=\"widget\" data-e-type=\"widget\" data-settings=\"{&quot;show_arrows&quot;:&quot;yes&quot;,&quot;pagination&quot;:&quot;bullets&quot;,&quot;speed&quot;:500,&quot;autoplay&quot;:&quot;yes&quot;,&quot;autoplay_speed&quot;:5000,&quot;loop&quot;:&quot;yes&quot;,&quot;pause_on_hover&quot;:&quot;yes&quot;,&quot;pause_on_interaction&quot;:&quot;yes&quot;,&quot;space_between&quot;:{&quot;unit&quot;:&quot;px&quot;,&quot;size&quot;:10,&quot;sizes&quot;:[]},&quot;space_between_tablet&quot;:{&quot;unit&quot;:&quot;px&quot;,&quot;size&quot;:10,&quot;sizes&quot;:[]},&quot;space_between_mobile&quot;:{&quot;unit&quot;:&quot;px&quot;,&quot;size&quot;:10,&quot;sizes&quot;:[]}}\" data-widget_type=\"testimonial-carousel.default\">\n\t\t\t\t<div class=\"elementor-widget-container\">\n\t\t\t\t\t\t\t\t\t<div class=\"elementor-swiper\">\n\t\t\t\t\t<div class=\"elementor-main-swiper swiper\" role=\"region\" aria-roledescription=\"carousel\" aria-label=\"Slajdy\">\n\t\t\t\t<div class=\"swiper-wrapper\">\n\t\t\t\t\t\t\t\t\t\t\t<div class=\"swiper-slide\" role=\"group\" aria-roledescription=\"slide\">\n\t\t\t\t\t\t\t\t\t<div class=\"elementor-testimonial\">\n\t\t\t\t\t\t\t<div class=\"elementor-testimonial__content\">\n\t\t\t\t\t<div class=\"elementor-testimonial__text\">\n\t\t\t\t\t\tDzi\u0119ki wsp\u00f3\u0142pracy z panem Piotrem Wiktor osi\u0105gn\u0105\u0142 zauwa\u017calny post\u0119p w szachach na wielu p\u0142aszczyznach \u2013 od g\u0142\u0119bszego rozumienia strategii, przez technik\u0119 ko\u0144c\u00f3wek, a\u017c po solidne opanowanie debiut\u00f3w. Pan Piotr ka\u017cdorazowo prowadzi\u0142 zaj\u0119cia z du\u017c\u0105 staranno\u015bci\u0105 i przygotowaniem zar\u00f3wno merytorycznym, jak i metodycznym, wykazuj\u0105c si\u0119 pe\u0142nym profesjonalizmem. Jego podej\u015bcie by\u0142o indywidualne i dostosowane do wieku oraz aktualnych umiej\u0119tno\u015bci Wiktora, co pozwoli\u0142o na skuteczny rozw\u00f3j m\u0142odego szachisty. Dodatkowym atutem pracy z panem Piotrem by\u0142o umiej\u0119tne wprowadzanie element\u00f3w psychologicznych, kt\u00f3re pozytywnie wp\u0142yn\u0119\u0142y na pewno\u015b\u0107 siebie i motywacj\u0119 Wiktora. Efekty tej wsp\u00f3\u0142pracy by\u0142y wyra\u017anie widoczne w rosn\u0105cych wynikach szachowych. 22.05.2025\t\t\t\t\t<\/div>\n\t\t\t\t\t\t\t\t\t<\/div>\n\t\t\t\t\t\t<div class=\"elementor-testimonial__footer\">\n\t\t\t\t\t\t\t\t\t<div class=\"elementor-testimonial__image\">\n\t\t\t\t\t\t<img decoding=\"async\" src=\"https:\/\/malywielkiszachista.pl\/wp-content\/uploads\/2025\/07\/Wiktor-Stankowski.jpg\" alt=\"Wiktor Sta\u0144kowski\">\n\t\t\t\t\t\t\t\t\t\t\t<\/div>\n\t\t\t\t\t\t\t\t<cite class=\"elementor-testimonial__cite\"><span class=\"elementor-testimonial__name\">Wiktor Sta\u0144kowski<\/span><span class=\"elementor-testimonial__title\">Za\u0142o\u017cyciel<\/span><\/cite>\t\t\t<\/div>\n\t\t<\/div>\n\t\t\t\t\t\t\t\t<\/div>\n\t\t\t\t\t\t\t\t\t\t\t<div class=\"swiper-slide\" role=\"group\" aria-roledescription=\"slide\">\n\t\t\t\t\t\t\t\t\t<div class=\"elementor-testimonial\">\n\t\t\t\t\t\t\t<div class=\"elementor-testimonial__content\">\n\t\t\t\t\t<div class=\"elementor-testimonial__text\">\n\t\t\t\t\t\tChcesz poprawi\u0107 swoje wyniki oraz zrozumienie szach\u00f3w? Trenuj z najlepszymi! \nPiotr Murdzia to wielokrotny mistrz \u015bwiata w rozwi\u0105zywaniu zada\u0144 szachowych, mistrz mi\u0119dzynarodowy.\nCharakteryzuje go wysoka kultura szachowa, erudycja, doskona\u0142e zrozumienie szach\u00f3w. Ma du\u017cy talent do znajdowania ciekawych pozycji, kt\u00f3re pozwalaj\u0105 lepiej zrozumie\u0107 materia\u0142.\nPiotr nauczy\u0142 mnie dok\u0142adniej ocenia\u0107 wydarzenia na planszy 64 p\u00f3l, co jest fundamentem dalszych dzia\u0142a\u0144. Dzi\u0119ki wsp\u00f3\u0142pracy poszerzy\u0142em swoje horyzonty oraz zyska\u0142em cenn\u0105 wiedz\u0119 jak pracowa\u0107 nad swoimi b\u0142\u0119dami. W moim podej\u015bciu do treningu zdoby\u0142em umiej\u0119tno\u015b\u0107 analizy i planowania gry. \t\t\t\t\t<\/div>\n\t\t\t\t\t\t\t\t\t<\/div>\n\t\t\t\t\t\t<div class=\"elementor-testimonial__footer\">\n\t\t\t\t\t\t\t\t\t<div class=\"elementor-testimonial__image\">\n\t\t\t\t\t\t<img decoding=\"async\" src=\"https:\/\/malywielkiszachista.pl\/wp-content\/uploads\/2025\/07\/Tomasz-Skrzyczek-scaled.jpg\" alt=\"Tomasz Skrzyczek\">\n\t\t\t\t\t\t\t\t\t\t\t<\/div>\n\t\t\t\t\t\t\t\t<cite class=\"elementor-testimonial__cite\"><span class=\"elementor-testimonial__name\">Tomasz Skrzyczek<\/span><span class=\"elementor-testimonial__title\">Za\u0142o\u017cyciel<\/span><\/cite>\t\t\t<\/div>\n\t\t<\/div>\n\t\t\t\t\t\t\t\t<\/div>\n\t\t\t\t\t\t\t\t\t\t\t<div class=\"swiper-slide\" role=\"group\" aria-roledescription=\"slide\">\n\t\t\t\t\t\t\t\t\t<div class=\"elementor-testimonial\">\n\t\t\t\t\t\t\t<div class=\"elementor-testimonial__content\">\n\t\t\t\t\t<div class=\"elementor-testimonial__text\">\n\t\t\t\t\t\tZaj\u0119cia z Panem Piotrem Murdzi\u0105 bardzo mi si\u0119 podoba\u0142y. Ich g\u0142\u00f3wnym celem by\u0142a poprawa mojej wydajno\u015bci w liczeniu wariant\u00f3w i ko\u0144c\u00f3wek \u2013 i naprawd\u0119 czuj\u0119, \u017ce zrobi\u0142em du\u017cy post\u0119p. Pan Piotr t\u0142umaczy wszystko w jasny i ciekawy spos\u00f3b, a zadania, kt\u00f3re przygotowuje, s\u0105 wymagaj\u0105ce, ale satysfakcjonuj\u0105ce. Dodatkowo Pan Murdzia zainspirowa\u0142 mnie do solvingu, czyli rozwi\u0105zywania zada\u0144 szachowych \u2013 wcze\u015bniej nie wiedzia\u0142em, \u017ce to mo\u017ce by\u0107 a\u017c tak wci\u0105gaj\u0105ce. Polecam wszystkim, kt\u00f3rzy chc\u0105 gra\u0107 lepiej i my\u015ble\u0107 szybciej przy szachownicy! 21.05.2025 \n\t\t\t\t\t<\/div>\n\t\t\t\t\t\t\t\t\t<\/div>\n\t\t\t\t\t\t<div class=\"elementor-testimonial__footer\">\n\t\t\t\t\t\t\t\t\t<div class=\"elementor-testimonial__image\">\n\t\t\t\t\t\t<img decoding=\"async\" src=\"https:\/\/malywielkiszachista.pl\/wp-content\/uploads\/2025\/07\/Piotr-Czeremcha.jpg\" alt=\"Piotr Czeremcha\">\n\t\t\t\t\t\t\t\t\t\t\t<\/div>\n\t\t\t\t\t\t\t\t<cite class=\"elementor-testimonial__cite\"><span class=\"elementor-testimonial__name\">Piotr Czeremcha<\/span><span class=\"elementor-testimonial__title\">Za\u0142o\u017cyciel<\/span><\/cite>\t\t\t<\/div>\n\t\t<\/div>\n\t\t\t\t\t\t\t\t<\/div>\n\t\t\t\t\t\t\t\t\t<\/div>\n\t\t\t\t\t\t\t\t\t\t\t\t\t\t\t<div class=\"elementor-swiper-button elementor-swiper-button-prev\" role=\"button\" tabindex=\"0\" aria-label=\"Poprzedni\">\n\t\t\t\t\t\t\t<svg aria-hidden=\"true\" class=\"e-font-icon-svg e-eicon-chevron-left\" viewBox=\"0 0 1000 1000\" xmlns=\"http:\/\/www.w3.org\/2000\/svg\"><path d=\"M646 125C629 125 613 133 604 142L308 442C296 454 292 471 292 487 292 504 296 521 308 533L604 854C617 867 629 875 646 875 663 875 679 871 692 858 704 846 713 829 713 812 713 796 708 779 692 767L438 487 692 225C700 217 708 204 708 187 708 171 704 154 692 142 675 129 663 125 646 125Z\"><\/path><\/svg>\t\t\t\t\t\t<\/div>\n\t\t\t\t\t\t<div class=\"elementor-swiper-button elementor-swiper-button-next\" role=\"button\" tabindex=\"0\" aria-label=\"Nast\u0119pny\">\n\t\t\t\t\t\t\t<svg aria-hidden=\"true\" class=\"e-font-icon-svg e-eicon-chevron-right\" viewBox=\"0 0 1000 1000\" xmlns=\"http:\/\/www.w3.org\/2000\/svg\"><path d=\"M696 533C708 521 713 504 713 487 713 471 708 454 696 446L400 146C388 133 375 125 354 125 338 125 325 129 313 142 300 154 292 171 292 187 292 204 296 221 308 233L563 492 304 771C292 783 288 800 288 817 288 833 296 850 308 863 321 871 338 875 354 875 371 875 388 867 400 854L696 533Z\"><\/path><\/svg>\t\t\t\t\t\t<\/div>\n\t\t\t\t\t\t\t\t\t\t\t\t\t\t\t\t<div class=\"swiper-pagination\"><\/div>\n\t\t\t\t\t\t\t\t\t\t\t\t<\/div>\n\t\t\t\t<\/div>\n\t\t\t\t\t\t\t\t<\/div>\n\t\t\t\t<\/div>\n\t\t\t\t\t<\/div>\n\t\t\t\t<\/div>\n\t\t\t\t<\/div>\n\t\t","protected":false},"excerpt":{"rendered":"<p>Strona G\u0142owna<\/p>\n","protected":false},"author":2,"featured_media":0,"parent":0,"menu_order":0,"comment_status":"closed","ping_status":"closed","template":"","meta":{"_price":"","_stock":"","_tribe_ticket_header":"","_tribe_default_ticket_provider":"","_tribe_ticket_capacity":"0","_ticket_start_date":"","_ticket_end_date":"","_tribe_ticket_show_description":"","_tribe_ticket_show_not_going":false,"_tribe_ticket_use_global_stock":"","_tribe_ticket_global_stock_level":"","_global_stock_mode":"","_global_stock_cap":"","_tribe_rsvp_for_event":"","_tribe_ticket_going_count":"","_tribe_ticket_not_going_count":"","_tribe_tickets_list":"[]","_tribe_ticket_has_attendee_info_fields":false,"footnotes":"","_tec_slr_enabled":"","_tec_slr_layout":""},"class_list":["post-2","page","type-page","status-publish","hentry"],"jetpack_sharing_enabled":true,"ticketed":false,"_links":{"self":[{"href":"https:\/\/malywielkiszachista.pl\/index.php\/wp-json\/wp\/v2\/pages\/2","targetHints":{"allow":["GET"]}}],"collection":[{"href":"https:\/\/malywielkiszachista.pl\/index.php\/wp-json\/wp\/v2\/pages"}],"about":[{"href":"https:\/\/malywielkiszachista.pl\/index.php\/wp-json\/wp\/v2\/types\/page"}],"author":[{"embeddable":true,"href":"https:\/\/malywielkiszachista.pl\/index.php\/wp-json\/wp\/v2\/users\/2"}],"replies":[{"embeddable":true,"href":"https:\/\/malywielkiszachista.pl\/index.php\/wp-json\/wp\/v2\/comments?post=2"}],"version-history":[{"count":204,"href":"https:\/\/malywielkiszachista.pl\/index.php\/wp-json\/wp\/v2\/pages\/2\/revisions"}],"predecessor-version":[{"id":874,"href":"https:\/\/malywielkiszachista.pl\/index.php\/wp-json\/wp\/v2\/pages\/2\/revisions\/874"}],"wp:attachment":[{"href":"https:\/\/malywielkiszachista.pl\/index.php\/wp-json\/wp\/v2\/media?parent=2"}],"curies":[{"name":"wp","href":"https:\/\/api.w.org\/{rel}","templated":true}]}}